{"id":1659,"date":"2015-12-16T16:32:21","date_gmt":"2015-12-16T15:32:21","guid":{"rendered":"https:\/\/info.gwdg.de\/news\/?page_id=1659"},"modified":"2025-10-19T17:50:09","modified_gmt":"2025-10-19T15:50:09","slug":"impressum","status":"publish","type":"page","link":"https:\/\/info.gwdg.de\/news\/impressum\/","title":{"rendered":"Impressum"},"content":{"rendered":"<div class=\"portlet-layout container\">\n<div class=\"row\">\n<div id=\"column-2\" class=\"portlet-column portlet-column-only col-xs-12\">\n<div id=\"layout-column_column-2\" class=\"portlet-dropzone portlet-column-content\">\n<div id=\"p_p_id_56_INSTANCE_Ukpt78ODBzVP_\" class=\"portlet-boundary portlet-boundary_56_ portlet-static portlet-static-end portlet-borderless portlet-journal-content \">\n<div class=\"portlet-borderless-container\">\n<div class=\"portlet-body\">\n<div class=\"journal-content-article\">\n<p>Die nachstehenden Informationen enthalten die gesetzlich vorgesehenen Pflichtangaben zur Anbieterkennzeichnung, zu den datenschutzrechtlichen Informationspflichten sowie wichtige rechtliche Hinweise zur Internet-Pr\u00e4senz der Gesellschaft f\u00fcr wissenschaftliche Datenverarbeitung mbH G\u00f6ttingen (GWDG), die sich aus den Seiten <a href=\"http:\/\/www.gwdg.de\" class=\"external\" rel=\"nofollow\">http:\/\/www.gwdg.de<\/a> und <a href=\"http:\/\/info.gwdg.de\" class=\"external\" rel=\"nofollow\">http:\/\/info.gwdg.de<\/a> zusammensetzt.<\/p>\n<h3><strong>Anbieter<\/strong><\/h3>\n<p>Anbieter dieser Internet-Pr\u00e4senz ist im Rechtssinne die Gesellschaft f\u00fcr wissenschaftliche Datenverarbeitung mbH G\u00f6ttingen, abgek\u00fcrzt GWDG.<\/p>\n<table border=\"0\" cellspacing=\"1\" cellpadding=\"1\">\n<tbody>\n<tr valign=\"top\">\n<td>Adresse<\/td>\n<td>Gesellschaft f\u00fcr wissenschaftliche Datenverarbeitung mbH G\u00f6ttingen<br \/>\nBurckhardtweg 4<br \/>\n37077 G\u00f6ttingen<\/td>\n<\/tr>\n<tr valign=\"top\">\n<td>Telefon<\/td>\n<td>+49 551 39-30001<\/td>\n<\/tr>\n<tr valign=\"top\">\n<td>Hotline \/ Beratung<\/td>\n<td>+49 551 39-30000<br \/>\nsupport@gwdg.de<\/td>\n<\/tr>\n<tr valign=\"top\">\n<td>WWW<\/td>\n<td>www.gwdg.de<\/td>\n<\/tr>\n<tr valign=\"top\">\n<td>E-Mail<\/td>\n<td>gwdg@gwdg.de<\/td>\n<\/tr>\n<\/tbody>\n<\/table>\n<\/div>\n<\/div>\n<\/div>\n<\/div>\n<div id=\"p_p_id_56_INSTANCE_jedF4nf9447P_\" class=\"portlet-boundary portlet-boundary_56_ portlet-static portlet-static-end portlet-borderless portlet-journal-content \"><span id=\"p_56_INSTANCE_jedF4nf9447P\"><\/span><\/p>\n<div class=\"portlet-borderless-container\">\n<div class=\"portlet-body\">\n<div class=\"journal-content-article\">\n<p>&nbsp;<\/p>\n<h3><strong>Handelsregister<\/strong><\/h3>\n<p>Die GWDG ist beim Amtsgericht G\u00f6ttingen in das Handelsregister unter der Nr. B 598 eingetragen. Sitz der Gesellschaft ist G\u00f6ttingen.<\/p>\n<p><strong>Vertreter<\/strong><\/p>\n<p>Die GWDG wird gesetzlich vertreten durch ihren Gesch\u00e4ftsf\u00fchrer Prof. Dr. Ramin Yahyapour. Vorsitzende des Aufsichtsrats ist Dr. Val\u00e9rie Sch\u00fcller.<\/p>\n<p><strong>Umsatzsteueridentifikationsnummer<\/strong><\/p>\n<p>Die Umsatzsteueridentifikationsnummer der GWDG lautet: DE 115312930<\/p>\n<p><strong>Redaktionsverantwortlicher<\/strong><\/p>\n<p>Redaktionsverantwortlicher f\u00fcr die Internet-Pr\u00e4senz der GWDG ist: Dr. Thomas Otto, GWDG, Burckhardtweg 4, 37077 G\u00f6ttingen.<\/p>\n<p><strong>Rechtliche Hinweise zur Organisationsform<\/strong><\/p>\n<p>Die GWDG ist eine gemeinn\u00fctzige GmbH.<\/p>\n<p><strong>Fremdsprachige Seiten<\/strong><\/p>\n<p>Soweit Teile des Internet-Auftritts auch in anderen Sprachen als deutsch angeboten werden, ist dies ausschlie\u00dflich ein Service f\u00fcr Nutzer, die der deutschen Sprache nicht m\u00e4chtig sind.<\/p>\n<p><strong>Datenschutzhinweis<\/strong><\/p>\n<p><strong>Datenerhebung und Datenverarbeitung<\/strong><\/p>\n<p>Der Besuch dieser Internet-Pr\u00e4senz wird protokolliert. Erfasst werden die aktuell von Ihrem Rechner verwendete IP-Adresse in anonymisierter Form sowie weitere technische Daten des Abrufs. Eine Auswertung der Daten erfolgt nur in anonymisierter Form f\u00fcr statistische Zwecke. Personenbezogene Nutzerprofile werden nicht erstellt.<\/p>\n<p>F\u00fcr Fragen zum Thema Datenschutz steht Ihnen der Datenschutzbeauftragte der GWDG unter dsb@gwdg.de, Tel. +49 551 201-1510, zur Verf\u00fcgung.<\/p>\n<\/div>\n<\/div>\n<\/div>\n<\/div>\n<\/div>\n<\/div>\n<\/div>\n<\/div>\n<div class=\"portlet-layout container\">\n<div class=\"row\">\n<div id=\"column-3\" class=\"portlet-column portlet-column-last col-xs-12\">\n<div id=\"layout-column_column-3\" class=\"portlet-dropzone portlet-column-content portlet-column-content-last\">\n<div id=\"p_p_id_56_INSTANCE_RG1dLV7H6HCP_\" class=\"portlet-boundary portlet-boundary_56_ portlet-static portlet-static-end portlet-borderless portlet-journal-content \"><span id=\"p_56_INSTANCE_RG1dLV7H6HCP\"><\/span><\/p>\n<div class=\"portlet-borderless-container\">\n<div class=\"portlet-body\">\n<div class=\"journal-content-article\">\n<p><strong>Daten\u00fcbermittlung<\/strong><\/p>\n<p>Ihre personenbezogenen Daten werden nur in den gesetzlich erforderlichen F\u00e4llen bzw. zur Strafverfolgung aufgrund von Angriffen auf unsere Netzinfrastruktur an staatliche Einrichtungen und Beh\u00f6rden \u00fcbermittelt. Eine Weitergabe zu anderen Zwecken an Dritte findet nicht statt.<\/p>\n<p><strong>Rechtliche Hinweise zur Haftung f\u00fcr eigene Inhalte<\/strong><\/p>\n<p>Die GWDG ist als Inhaltsanbieterin nach \u00a7 7 Abs. 1 Telemediengesetz f\u00fcr die eigenen Inhalte, die sie zur Nutzung bereith\u00e4lt, nach den allgemeinen Gesetzen verantwortlich.Die GWDG ist um Richtigkeit und Aktualit\u00e4t der auf dieser Internet-Pr\u00e4senz bereit gestellten Informationen bem\u00fcht. Trotzdem k\u00f6nnen Fehler und Unklarheiten nicht vollst\u00e4ndig ausgeschlossen werden. Die GWDG \u00fcbernimmt deshalb keine Gew\u00e4hr f\u00fcr die Aktualit\u00e4t, Richtigkeit, Vollst\u00e4ndigkeit oder Qualit\u00e4t der bereit gestellten Informationen. F\u00fcr Sch\u00e4den materieller oder immaterieller Art, die durch die Nutzung oder Nichtnutzung der dargebotenen Informationen bzw. durch die Nutzung fehlerhafter und unvollst\u00e4ndiger Informationen unmittelbar oder mittelbar verursacht werden, haftet die GWDG nicht, sofern ihr nicht nachweislich vors\u00e4tzliches oder grob fahrl\u00e4ssiges Verschulden zur Last f\u00e4llt. Gleiches gilt f\u00fcr kostenlos zum Download bereit gehaltene Software. Die GWDG beh\u00e4lt sich vor, Teile des Internet-Angebots oder das gesamte Angebot ohne gesonderte Ank\u00fcndigung zu ver\u00e4ndern, zu erg\u00e4nzen, zu l\u00f6schen oder die Ver\u00f6ffentlichung zeitweise oder endg\u00fcltig einzustellen.<\/p>\n<p><strong>Rechtliche Hinweise zu Verkn\u00fcpfungen auf externe Seiten<\/strong><\/p>\n<p>Auf dieser Internet-Pr\u00e4senz befinden sich Verkn\u00fcpfungen zu externen Seiten. Diese externen Links sind wie folgt gekennzeichnet:\u00a0<img decoding=\"async\" src=\"https:\/\/www.gwdg.de\/documents\/20182\/36133\/ext+link+example\/d506f47b-0079-4ef3-98f7-6ccbf213e02a?t=1444735451261\" alt=\"\" \/><\/p>\n<p>F\u00fcr die Inhalte der verlinkten externen Seiten ist stets der jeweilige Anbieter verantwortlich. Die GWDG hat bei der erstmaligen Verkn\u00fcpfung den fremden Inhalt daraufhin \u00fcberpr\u00fcft, ob durch ihn eine m\u00f6gliche zivilrechtliche oder strafrechtliche Verantwortlichkeit ausgel\u00f6st wird. Eine permanente inhaltliche Kontrolle der verkn\u00fcpften externen Seiten ist jedoch ohne konkrete Anhaltspunkte einer Rechtsverletzung nicht zumutbar. Wenn die GWDG feststellt oder von anderen darauf hingewiesen wird, dass ein externes Angebot, auf das sie per Link verkn\u00fcpft hat, eine zivil- oder strafrechtliche Verantwortlichkeit ausl\u00f6st, wird sie den Link auf dieses Angebot unverz\u00fcglich aufheben. Die GWDG distanziert sich ausdr\u00fccklich von derartigen Inhalten.<\/p>\n<p><strong>Rechtliche Hinweise zum Urheberrecht<\/strong><\/p>\n<p>Das Layout der Internet-Pr\u00e4senz, die Grafiken, ein Teil der Bilder und die sonstigen Inhalte sind urheberrechtlich gesch\u00fctzt. Die meisten der in der Internet-Pr\u00e4senz verwendeten Bilder sind durch Adobe Stock urheberrechtlich gesch\u00fctzt ( <a href=\"https:\/\/stock.adobe.com\/de\" class=\"external\" rel=\"nofollow\">https:\/\/stock.adobe.com\/de<\/a>).<\/p>\n<p>\u00a9 GWDG. Alle Rechte vorbehalten.<\/p>\n<\/div>\n<\/div>\n<\/div>\n<\/div>\n<\/div>\n<\/div>\n<\/div>\n<\/div>\n","protected":false},"excerpt":{"rendered":"<p>Die nachstehenden Informationen enthalten die gesetzlich vorgesehenen Pflichtangaben zur Anbieterkennzeichnung, zu den datenschutzrechtlichen Informationspflichten sowie wichtige rechtliche Hinweise zur Internet-Pr\u00e4senz der Gesellschaft f\u00fcr wissenschaftliche Datenverarbeitung mbH G\u00f6ttingen (GWDG), die sich aus den Seiten http:\/\/www.gwdg.de und http:\/\/info.gwdg.de zusammensetzt. Anbieter Anbieter dieser Internet-Pr\u00e4senz ist im Rechtssinne die Gesellschaft f\u00fcr wissenschaftliche Datenverarbeitung mbH G\u00f6ttingen, abgek\u00fcrzt GWDG. Adresse Gesellschaft &#8230; <a title=\"Impressum\" class=\"read-more\" href=\"https:\/\/info.gwdg.de\/news\/impressum\/\" aria-label=\"Mehr Informationen \u00fcber Impressum\">Weiterlesen<\/a><\/p>\n","protected":false},"author":1,"featured_media":0,"parent":0,"menu_order":0,"comment_status":"closed","ping_status":"closed","template":"","meta":{"footnotes":""},"class_list":["post-1659","page","type-page","status-publish"],"_links":{"self":[{"href":"https:\/\/info.gwdg.de\/news\/wp-json\/wp\/v2\/pages\/1659","targetHints":{"allow":["GET"]}}],"collection":[{"href":"https:\/\/info.gwdg.de\/news\/wp-json\/wp\/v2\/pages"}],"about":[{"href":"https:\/\/info.gwdg.de\/news\/wp-json\/wp\/v2\/types\/page"}],"author":[{"embeddable":true,"href":"https:\/\/info.gwdg.de\/news\/wp-json\/wp\/v2\/users\/1"}],"replies":[{"embeddable":true,"href":"https:\/\/info.gwdg.de\/news\/wp-json\/wp\/v2\/comments?post=1659"}],"version-history":[{"count":5,"href":"https:\/\/info.gwdg.de\/news\/wp-json\/wp\/v2\/pages\/1659\/revisions"}],"predecessor-version":[{"id":24681,"href":"https:\/\/info.gwdg.de\/news\/wp-json\/wp\/v2\/pages\/1659\/revisions\/24681"}],"wp:attachment":[{"href":"https:\/\/info.gwdg.de\/news\/wp-json\/wp\/v2\/media?parent=1659"}],"curies":[{"name":"wp","href":"https:\/\/api.w.org\/{rel}","templated":true}]}}